{"id":155,"date":"2014-07-26T23:18:06","date_gmt":"2014-07-26T23:18:06","guid":{"rendered":"http:\/\/porcnbpork.nb.ca\/?page_id=155"},"modified":"2014-07-26T23:37:54","modified_gmt":"2014-07-26T23:37:54","slug":"a-propos","status":"publish","type":"page","link":"https:\/\/www.porcnbpork.nb.ca\/fr\/a-propos\/","title":{"rendered":"\u00c0 propos"},"content":{"rendered":"<h2>\u00c9nonc\u00e9 de vision<\/h2>\n<p>Notre vision est un avenir o\u00f9 l&rsquo;industrie du porc est une industrie durable et prosp\u00e8re au Nouveau-Brunswick.<\/p>\n<h2>\u00c9nonc\u00e9 de mission<\/h2>\n<p>La mission de Porc NB Pork est d&rsquo;aider les producteurs de porcs du Nouveau-Brunswick \u00e0 d\u00e9velopper une industrie porcine durable et prosp\u00e8re.<\/p>\n<h2>Mandat<\/h2>\n<p>Sous r\u00e9serve de son \u00c9nonc\u00e9 de mission et de la Loi sur les produits naturels et ses r\u00e9glementations, Porc NB Pork assume le mandat suivant :<\/p>\n<ol>\n<li>Agir comme porte-parole des producteurs de porcs du NB en :\n<ol style=\"list-style: lower-alpha outside none;\">\n<li>Recommandant des l\u00e9gislations et des r\u00e9glementations.<\/li>\n<li>Recommandant l&rsquo;adoption de strat\u00e9gies, de politiques, de programmes et de normes propices au d\u00e9veloppement du Secteur de production porcine au Nouveau-Brunswick.<\/li>\n<li>\u00c9tablissant des partenariats et des r\u00e9seaux.<\/li>\n<li>Assurant une image publique positive du Secteur de production porcine au Nouveau-Brunswick.<\/li>\n<\/ol>\n<\/li>\n<li>Aider les producteurs avec la mise en march\u00e9 de leurs porcs.<\/li>\n<li>Encourager le d\u00e9veloppement des comp\u00e9tences professionnelles et techniques des producteurs de porcs.<\/li>\n<li>Promouvoir la production de porcs de haute qualit\u00e9 au Nouveau-Brunswick.<\/li>\n<li>Promouvoir la consommation et l&rsquo;utilisation des produits du porc.<\/li>\n<li>Encourager les activit\u00e9s de recherche pertinentes \u00e0 l&rsquo;industrie porcine et ses produits.<\/li>\n<li>G\u00e9rer les op\u00e9rations et les ressources de l&rsquo;Office.<\/li>\n<\/ol>\n","protected":false},"excerpt":{"rendered":"<p>\u00c9nonc\u00e9 de vision Notre vision est un avenir o\u00f9 l&rsquo;industrie du porc est une industrie durable et prosp\u00e8re au Nouveau-Brunswick. \u00c9nonc\u00e9 de mission La mission de Porc NB Pork est d&rsquo;aider les producteurs de porcs du Nouveau-Brunswick \u00e0 d\u00e9velopper une industrie porcine durable et prosp\u00e8re. Mandat Sous r\u00e9serve de son \u00c9nonc\u00e9 de mission et de [&hellip;]<\/p>\n","protected":false},"author":3,"featured_media":0,"parent":0,"menu_order":0,"comment_status":"open","ping_status":"open","template":"","meta":{"footnotes":""},"class_list":["post-155","page","type-page","status-publish","hentry"],"_links":{"self":[{"href":"https:\/\/www.porcnbpork.nb.ca\/fr\/wp-json\/wp\/v2\/pages\/155","targetHints":{"allow":["GET"]}}],"collection":[{"href":"https:\/\/www.porcnbpork.nb.ca\/fr\/wp-json\/wp\/v2\/pages"}],"about":[{"href":"https:\/\/www.porcnbpork.nb.ca\/fr\/wp-json\/wp\/v2\/types\/page"}],"author":[{"embeddable":true,"href":"https:\/\/www.porcnbpork.nb.ca\/fr\/wp-json\/wp\/v2\/users\/3"}],"replies":[{"embeddable":true,"href":"https:\/\/www.porcnbpork.nb.ca\/fr\/wp-json\/wp\/v2\/comments?post=155"}],"version-history":[{"count":4,"href":"https:\/\/www.porcnbpork.nb.ca\/fr\/wp-json\/wp\/v2\/pages\/155\/revisions"}],"predecessor-version":[{"id":164,"href":"https:\/\/www.porcnbpork.nb.ca\/fr\/wp-json\/wp\/v2\/pages\/155\/revisions\/164"}],"wp:attachment":[{"href":"https:\/\/www.porcnbpork.nb.ca\/fr\/wp-json\/wp\/v2\/media?parent=155"}],"curies":[{"name":"wp","href":"https:\/\/api.w.org\/{rel}","templated":true}]}}