{"id":153,"date":"2014-07-26T23:14:15","date_gmt":"2014-07-26T23:14:15","guid":{"rendered":"http:\/\/porcnbpork.nb.ca\/?page_id=153"},"modified":"2026-01-10T02:39:32","modified_gmt":"2026-01-10T02:39:32","slug":"accueil","status":"publish","type":"page","link":"https:\/\/www.porcnbpork.nb.ca\/fr\/","title":{"rendered":"Accueil"},"content":{"rendered":"<div class=\"single-line\" style=\"margin-top:14px;\"><\/div>\n<div class=\"home-text\" style=\"padding-bottom: 10px;\">Porc NB Pork est l&rsquo;organisme repr\u00e9sentant les <span style=\"color: #b22345;\">producteurs de porcs<\/span> du Nouveau-Brunswick.<\/div>\n<div class=\"double-line\" style=\"mrgin-bottom:6px;\"><\/div>\n<p><img decoding=\"async\" src=\"https:\/\/www.porcnbpork.nb.ca\/wp-content\/uploads\/2026\/01\/hog-img.png\" alt=\"\" class=\"alignnone \" \/><br \/>\n<iframe loading=\"lazy\" width=\"560\" height=\"315\" src=\"https:\/\/www.youtube.com\/embed\/_1WqHP0jfF4?si=wybQhUlgRXtm1NZk\" title=\"YouTube video player\" frameborder=\"0\" allow=\"accelerometer; autoplay; clipboard-write; encrypted-media; gyroscope; picture-in-picture; web-share\" referrerpolicy=\"strict-origin-when-cross-origin\" allowfullscreen><\/iframe><br \/>\n<strong>Que cache le sceau du Porc Canadien V\u00e9rifi\u00e9<\/strong><\/p>\n<p>Porc NB Pork est l&rsquo;organisme repr\u00e9sentant les producteurs de porcs du Nouveau-Brunswick et son mandat est r\u00e9glement\u00e9 par la Loi sur les produits naturels. Fond\u00e9 en 1951, l&rsquo;Office de commercialisation du porc est pr\u00e9sentement compos\u00e9 de 5 directeurs \u00e9lus parmi les membres.<\/p>\n<p>\u00c0 l&rsquo;\u00e9chelle nationale, l&rsquo;Office est affili\u00e9 avec le Conseil canadien du porc et Canada porc international, et au niveau r\u00e9gional est membre du Conseil du porc des Maritimes. Porc NB Pork s&rsquo;occupe des communications pour son groupe de producteurs et il repr\u00e9sente celui-ci sur les enjeux reli\u00e9s au gouvernement et aupr\u00e8s des organismes r\u00e9glementaires.<\/p>\n<p>\u00c9tant donn\u00e9 la r\u00e9cente r\u00e9duction des effectifs, le bureau de l&rsquo;Office est maintenant g\u00e9r\u00e9 exclusivement par la Gestionnaire du bureau \u00e0 raison de 1,5 jour par semaine et par la Directrice g\u00e9n\u00e9rale \u00e0 raison de 2 jours par semaine.<\/p>\n<p>Si vous avez des questions ou des commentaires, n&rsquo;h\u00e9sitez-pas \u00e0 communiquer avec nous. <\/p>\n","protected":false},"excerpt":{"rendered":"<p>Porc NB Pork est l&rsquo;organisme repr\u00e9sentant les producteurs de porcs du Nouveau-Brunswick. Que cache le sceau du Porc Canadien V\u00e9rifi\u00e9 Porc NB Pork est l&rsquo;organisme repr\u00e9sentant les producteurs de porcs du Nouveau-Brunswick et son mandat est r\u00e9glement\u00e9 par la Loi sur les produits naturels. Fond\u00e9 en 1951, l&rsquo;Office de commercialisation du porc est pr\u00e9sentement compos\u00e9 [&hellip;]<\/p>\n","protected":false},"author":3,"featured_media":0,"parent":0,"menu_order":0,"comment_status":"closed","ping_status":"open","template":"","meta":{"footnotes":""},"class_list":["post-153","page","type-page","status-publish","hentry"],"_links":{"self":[{"href":"https:\/\/www.porcnbpork.nb.ca\/fr\/wp-json\/wp\/v2\/pages\/153","targetHints":{"allow":["GET"]}}],"collection":[{"href":"https:\/\/www.porcnbpork.nb.ca\/fr\/wp-json\/wp\/v2\/pages"}],"about":[{"href":"https:\/\/www.porcnbpork.nb.ca\/fr\/wp-json\/wp\/v2\/types\/page"}],"author":[{"embeddable":true,"href":"https:\/\/www.porcnbpork.nb.ca\/fr\/wp-json\/wp\/v2\/users\/3"}],"replies":[{"embeddable":true,"href":"https:\/\/www.porcnbpork.nb.ca\/fr\/wp-json\/wp\/v2\/comments?post=153"}],"version-history":[{"count":5,"href":"https:\/\/www.porcnbpork.nb.ca\/fr\/wp-json\/wp\/v2\/pages\/153\/revisions"}],"predecessor-version":[{"id":406,"href":"https:\/\/www.porcnbpork.nb.ca\/fr\/wp-json\/wp\/v2\/pages\/153\/revisions\/406"}],"wp:attachment":[{"href":"https:\/\/www.porcnbpork.nb.ca\/fr\/wp-json\/wp\/v2\/media?parent=153"}],"curies":[{"name":"wp","href":"https:\/\/api.w.org\/{rel}","templated":true}]}}